{"id":25923,"date":"2025-10-06T06:21:10","date_gmt":"2025-10-06T06:21:10","guid":{"rendered":"https:\/\/expert-themes.com\/wp\/induxt\/?page_id=25923"},"modified":"2026-01-23T16:13:34","modified_gmt":"2026-01-23T14:13:34","slug":"deadlines-conditions","status":"publish","type":"page","link":"https:\/\/sistemplast.ro\/en\/termene-conditii\/","title":{"rendered":"Terms and Conditions"},"content":{"rendered":"<div data-elementor-type=\"wp-page\" data-elementor-id=\"25923\" class=\"elementor elementor-25923\">\n\t\t\t\t<div class=\"elementor-element elementor-element-4ab4e5a e-flex e-con-boxed e-con e-parent\" data-id=\"4ab4e5a\" data-element_type=\"container\" data-e-type=\"container\">\n\t\t\t\t\t<div class=\"e-con-inner\">\n\t\t<div class=\"elementor-element elementor-element-db1211e e-con-full e-flex e-con e-child\" data-id=\"db1211e\" data-element_type=\"container\" data-e-type=\"container\">\n\t\t\t\t<div class=\"elementor-element elementor-element-e1773c1 elementor-widget elementor-widget-text-editor\" data-id=\"e1773c1\" data-element_type=\"widget\" data-e-type=\"widget\" data-widget_type=\"text-editor.default\">\n\t\t\t\t\t\t\t\t\t<p><strong>Terms and Conditions<\/strong><\/p><p>This document by its content makes available to third party users the Regulation on the terms and conditions of use of the website\u00a0<strong>Sistemplast (Sistemplast.ro)<\/strong>.<\/p><p>Website\u00a0<strong>Sistemplast (Sistemplast.ro)<\/strong>\u00a0is operated by the company\u00a0<strong>Sistemplast<\/strong>, established in\u00a0<\/p><p>\u00a0<em>Mun. Rm. V\u00e2lcea, str. Uzinei nr. 1, jud. V\u00e2lcea, unique registration code RO 11438007, with order number in the Trade Register J1999000071381<\/em><\/p><p>Your use of the Site (including access and browsing) constitutes your implicit agreement to abide by the terms and conditions set forth in this document with all the effects and consequences arising therefrom.<\/p><p>Site administrator\u00a0<strong>Sistemplast (Sistemplast.ro)<\/strong>\u00a0reserves the right to modify the content of this agreement at any time without prior notice to the persons using it, hereinafter referred to as \u201cUsers\u201d. Users shall have permanent access to the terms and conditions of use of the Services, so that they may consult them at any time.<\/p><p><strong>Site content and intellectual property rights<\/strong><\/p><p>The content of this site may not be used, reproduced, distributed, transmitted, transmitted, displayed, for any purposes other than those expressly and legally permitted. Extraction of any information followed by any use for any commercial purpose beyond the scope of private copying governed by law or for sale or licensing and without the prior written consent of the owners of the proprietary rights constitutes a breach of the terms and conditions.<\/p><p>You also agree not to impair or interfere in any way with the security features of the Site, features that prevent or restrict use, copying of content, or features that enforce limitations on use of the Site or its content.<\/p><p>Administrator\u00a0<strong>Sistemplast (Sistemplast.ro)<\/strong>\u00a0constantly endeavours to keep the information on the website accurate, but sometimes it may contain inaccuracies.<\/p><p><strong>Applicable law<\/strong><\/p><p>By using the website\u00a0<strong>Sistemplast (Sistemplast.ro)<\/strong>, the user agrees that Romanian law will govern the Terms and Conditions of Use and any dispute of any kind that may arise between the user and\u00a0<strong>Sistemplast administrators (Sistemplast.ro)<\/strong>\u00a0or its associates\/partners\/affiliates. In the event of any disputes, an attempt will first be made to resolve them amicably, and if an amicable settlement is not possible, the dispute will be settled in court, in accordance with the Romanian laws in force.<\/p><p><strong>Service availability<\/strong><\/p><p>Administrator\u00a0<strong>Sistemplast (Sistemplast.ro)<\/strong>\u00a0reserves the right to modify the structure and interface of any page or sub-page of the website\u00a0<strong>Sistemplast (Sistemplast.ro)<\/strong>\u00a0at any time and at any freely chosen time interval, having the right to interrupt temporarily or permanently, partially or totally the services made available to the public through this website without any prior notice, individual or general.<\/p><p>If you have any questions or concerns about these terms of use, please do not hesitate to contact us via the dedicated contact form or email us at\u00a0<a href=\"mailto:office@sistemplast.ro\">office@sistemplast.ro<\/a><\/p><p>\u00a0<\/p>\t\t\t\t\t\t\t\t<\/div>\n\t\t\t\t<\/div>\n\t\t\t\t\t<\/div>\n\t\t\t\t<\/div>\n\t\t\t\t<\/div>","protected":false},"excerpt":{"rendered":"<p>Termeni \u0219i Condi\u021bii Prezentul document\u00a0prin\u00a0con\u021binutul\u00a0s\u0103u\u00a0pune\u00a0la\u00a0dispozi\u021bia\u00a0ter\u021bilor\u00a0utilizatori Regulamentul\u00a0privind\u00a0termenii\u00a0\u0219i\u00a0condi\u021biile\u00a0de utilizare a\u00a0site-ului\u00a0Sistemplast (Sistemplast.ro). Site-ul\u00a0Sistemplast (Sistemplast.ro)\u00a0este operat de\u00a0societatea\u00a0Sistemplast, cu sediul\u00a0\u00een\u00a0 \u00a0Mun. Rm. V\u00e2lcea, str. Uzinei nr. 1, jud. V\u00e2lcea, cod unic de \u00eenregistrare RO 11438007, av\u00e2nd num\u0103r de ordine \u00een Registrul Comer\u021bului J1999000071381 Utilizarea\u00a0site-ului (incluz\u00e2nd\u00a0accesul\u00a0\u0219i\u00a0navigarea) constituie un acord implicit de respectare a termenilor\u00a0\u0219i\u00a0condi\u021biilor\u00a0enun\u021bate\u00a0\u00een\u00a0cuprinsul prezentului document cu toate efectele\u00a0\u0219i\u00a0consecin\u021bele\u00a0ce decurg\u00a0din\u00a0aceasta. Administratorul\u00a0site-ului\u00a0Sistemplast [&hellip;]<\/p>\n","protected":false},"author":1,"featured_media":0,"parent":0,"menu_order":0,"comment_status":"closed","ping_status":"closed","template":"elementor_header_footer","meta":{"footnotes":""},"class_list":["post-25923","page","type-page","status-publish","hentry"],"_links":{"self":[{"href":"https:\/\/sistemplast.ro\/en\/wp-json\/wp\/v2\/pages\/25923","targetHints":{"allow":["GET"]}}],"collection":[{"href":"https:\/\/sistemplast.ro\/en\/wp-json\/wp\/v2\/pages"}],"about":[{"href":"https:\/\/sistemplast.ro\/en\/wp-json\/wp\/v2\/types\/page"}],"author":[{"embeddable":true,"href":"https:\/\/sistemplast.ro\/en\/wp-json\/wp\/v2\/users\/1"}],"replies":[{"embeddable":true,"href":"https:\/\/sistemplast.ro\/en\/wp-json\/wp\/v2\/comments?post=25923"}],"version-history":[{"count":4,"href":"https:\/\/sistemplast.ro\/en\/wp-json\/wp\/v2\/pages\/25923\/revisions"}],"predecessor-version":[{"id":27876,"href":"https:\/\/sistemplast.ro\/en\/wp-json\/wp\/v2\/pages\/25923\/revisions\/27876"}],"wp:attachment":[{"href":"https:\/\/sistemplast.ro\/en\/wp-json\/wp\/v2\/media?parent=25923"}],"curies":[{"name":"wp","href":"https:\/\/api.w.org\/{rel}","templated":true}]}}