{"id":26329,"date":"2025-10-06T16:56:04","date_gmt":"2025-10-06T16:56:04","guid":{"rendered":"https:\/\/expert-themes.com\/wp\/induxt\/?page_id=26329"},"modified":"2026-02-03T22:24:39","modified_gmt":"2026-02-03T20:24:39","slug":"contact","status":"publish","type":"page","link":"https:\/\/sistemplast.ro\/en\/contact\/","title":{"rendered":"Contact"},"content":{"rendered":"<div data-elementor-type=\"wp-page\" data-elementor-id=\"26329\" class=\"elementor elementor-26329\">\n\t\t\t\t<div class=\"elementor-element elementor-element-157c2b6 e-flex e-con-boxed e-con e-parent\" data-id=\"157c2b6\" data-element_type=\"container\" data-e-type=\"container\" data-settings=\"{&quot;background_background&quot;:&quot;gradient&quot;}\">\n\t\t\t\t\t<div class=\"e-con-inner\">\n\t\t<div class=\"elementor-element elementor-element-b5da48d e-con-full e-flex e-con e-child\" data-id=\"b5da48d\" data-element_type=\"container\" data-e-type=\"container\">\n\t\t\t\t<div class=\"elementor-element elementor-element-c65f230 elementor-widget elementor-widget-heading\" data-id=\"c65f230\" data-element_type=\"widget\" data-e-type=\"widget\" data-widget_type=\"heading.default\">\n\t\t\t\t<div class=\"elementor-widget-container\">\n\t\t\t\t\t\r\n\r\n<div class=\"sec-title title-anim main-title-section centered p-0 m-0\">\r\n        \r\n        <h2 class=\"sec-title_heading te-title\">Contact <\/h2>\r\n        \r\n        <div class=\"sec-title_text te-text\">Fill in the form below and we will reply as soon as possible <\/div>\r\n    <\/div>\t\t\t\t<\/div>\n\t\t\t\t<\/div>\n\t\t\t\t<div class=\"elementor-element elementor-element-ad68909 elementor-view-framed elementor-shape-circle elementor-position-block-start elementor-mobile-position-block-start elementor-widget elementor-widget-icon-box\" data-id=\"ad68909\" data-element_type=\"widget\" data-e-type=\"widget\" data-widget_type=\"icon-box.default\">\n\t\t\t\t\t\t\t<div class=\"elementor-icon-box-wrapper\">\n\n\t\t\t\t\t\t<div class=\"elementor-icon-box-icon\">\n\t\t\t\t<span  class=\"elementor-icon\">\n\t\t\t\t<i aria-hidden=\"true\" class=\"fas fa-map-marker-alt\"><\/i>\t\t\t\t<\/span>\n\t\t\t<\/div>\n\t\t\t\n\t\t\t\t\t\t<div class=\"elementor-icon-box-content\">\n\n\t\t\t\t\t\t\t\t\t<h3 class=\"elementor-icon-box-title\">\n\t\t\t\t\t\t<span  >\n\t\t\t\t\t\t\tAddress\t\t\t\t\t\t<\/span>\n\t\t\t\t\t<\/h3>\n\t\t\t\t\n\t\t\t\t\t\t\t\t\t<p class=\"elementor-icon-box-description\">\n\t\t\t\t\t\tPlant no. 1 <br>R\u00e2mnicu Valcea 240401 <br>\nJud. V\u00e2lcea, Romania\t\t\t\t\t<\/p>\n\t\t\t\t\n\t\t\t<\/div>\n\t\t\t\n\t\t<\/div>\n\t\t\t\t\t\t<\/div>\n\t\t\t\t<div class=\"elementor-element elementor-element-6b0e8c1 elementor-view-framed elementor-shape-circle elementor-position-block-start elementor-mobile-position-block-start elementor-widget elementor-widget-icon-box\" data-id=\"6b0e8c1\" data-element_type=\"widget\" data-e-type=\"widget\" data-widget_type=\"icon-box.default\">\n\t\t\t\t\t\t\t<div class=\"elementor-icon-box-wrapper\">\n\n\t\t\t\t\t\t<div class=\"elementor-icon-box-icon\">\n\t\t\t\t<span  class=\"elementor-icon\">\n\t\t\t\t<i aria-hidden=\"true\" class=\"fas fa-phone\"><\/i>\t\t\t\t<\/span>\n\t\t\t<\/div>\n\t\t\t\n\t\t\t\t\t\t<div class=\"elementor-icon-box-content\">\n\n\t\t\t\t\t\t\t\t\t<h3 class=\"elementor-icon-box-title\">\n\t\t\t\t\t\t<span  >\n\t\t\t\t\t\t\tPhone\t\t\t\t\t\t<\/span>\n\t\t\t\t\t<\/h3>\n\t\t\t\t\n\t\t\t\t\t\t\t\t\t<p class=\"elementor-icon-box-description\">\n\t\t\t\t\t\t+40 758710788 <br> \n+40 758710785 <br> \n+40 758710738\t\t\t\t\t<\/p>\n\t\t\t\t\n\t\t\t<\/div>\n\t\t\t\n\t\t<\/div>\n\t\t\t\t\t\t<\/div>\n\t\t\t\t<div class=\"elementor-element elementor-element-d188214 elementor-view-framed elementor-shape-circle elementor-position-block-start elementor-mobile-position-block-start elementor-widget elementor-widget-icon-box\" data-id=\"d188214\" data-element_type=\"widget\" data-e-type=\"widget\" data-widget_type=\"icon-box.default\">\n\t\t\t\t\t\t\t<div class=\"elementor-icon-box-wrapper\">\n\n\t\t\t\t\t\t<div class=\"elementor-icon-box-icon\">\n\t\t\t\t<span  class=\"elementor-icon\">\n\t\t\t\t<i aria-hidden=\"true\" class=\"flaticon flaticon-mail\"><\/i>\t\t\t\t<\/span>\n\t\t\t<\/div>\n\t\t\t\n\t\t\t\t\t\t<div class=\"elementor-icon-box-content\">\n\n\t\t\t\t\t\t\t\t\t<h3 class=\"elementor-icon-box-title\">\n\t\t\t\t\t\t<span  >\n\t\t\t\t\t\t\tEmail\t\t\t\t\t\t<\/span>\n\t\t\t\t\t<\/h3>\n\t\t\t\t\n\t\t\t\t\t\t\t\t\t<p class=\"elementor-icon-box-description\">\n\t\t\t\t\t\toffice@sistemplast.ro<br>\ngabriel.bontea@sistemplast.ro<br>\ncomercial@sistemplast.ro\t\t\t\t\t<\/p>\n\t\t\t\t\n\t\t\t<\/div>\n\t\t\t\n\t\t<\/div>\n\t\t\t\t\t\t<\/div>\n\t\t\t\t<\/div>\n\t\t<div class=\"elementor-element elementor-element-a46f0d7 e-con-full e-flex e-con e-child\" data-id=\"a46f0d7\" data-element_type=\"container\" data-e-type=\"container\">\n\t\t\t\t<div class=\"elementor-element elementor-element-01c72e2 elementor-widget elementor-widget-contact_form\" data-id=\"01c72e2\" data-element_type=\"widget\" data-e-type=\"widget\" data-widget_type=\"contact_form.default\">\n\t\t\t\t<div class=\"elementor-widget-container\">\n\t\t\t\t\t    <div class=\"contact-form default-form p-0 m-0\">\n        <div class=\"exp-contact-form exp-contact-form1 m-0 p-0 notice-style1 box-style-none button-style1 btn-w-auto\" data-wow-delay=\"ms\">\n            \n<div class=\"wpcf7 no-js\" id=\"wpcf7-f26322-o1\" lang=\"en-US\" dir=\"ltr\" data-wpcf7-id=\"26322\">\n<div class=\"screen-reader-response\"><p role=\"status\" aria-live=\"polite\" aria-atomic=\"true\"><\/p> <ul><\/ul><\/div>\n<form action=\"\/en\/wp-json\/wp\/v2\/pages\/26329#wpcf7-f26322-o1\" method=\"post\" class=\"wpcf7-form init\" aria-label=\"Contact form\" novalidate=\"novalidate\" data-status=\"init\" data-trp-original-action=\"\/en\/wp-json\/wp\/v2\/pages\/26329#wpcf7-f26322-o1\">\n<fieldset class=\"hidden-fields-container\"><input type=\"hidden\" name=\"_wpcf7\" value=\"26322\" \/><input type=\"hidden\" name=\"_wpcf7_version\" value=\"6.1.5\" \/><input type=\"hidden\" name=\"_wpcf7_locale\" value=\"en_US\" \/><input type=\"hidden\" name=\"_wpcf7_unit_tag\" value=\"wpcf7-f26322-o1\" \/><input type=\"hidden\" name=\"_wpcf7_container_post\" value=\"0\" \/><input type=\"hidden\" name=\"_wpcf7_posted_data_hash\" value=\"\" \/>\n<\/fieldset>\n<div class=\"row clearfix\">\n\t<div class=\"form-group col-lg-6 col-md-6 col-sm-12\">\n\t\t<p><span class=\"wpcf7-form-control-wrap\" data-name=\"text-425\"><input size=\"40\" maxlength=\"400\" class=\"wpcf7-form-control wpcf7-text wpcf7-validates-as-required\" aria-required=\"true\" aria-invalid=\"false\" placeholder=\"First Name\" value=\"\" type=\"text\" name=\"text-425\" \/><\/span>\n\t\t<\/p>\n\t<\/div>\n\t<div class=\"form-group col-lg-6 col-md-6 col-sm-12\">\n\t\t<p><span class=\"wpcf7-form-control-wrap\" data-name=\"text-713\"><input size=\"40\" maxlength=\"400\" class=\"wpcf7-form-control wpcf7-text wpcf7-validates-as-required\" aria-required=\"true\" aria-invalid=\"false\" placeholder=\"Last Name\" value=\"\" type=\"text\" name=\"text-713\" \/><\/span>\n\t\t<\/p>\n\t<\/div>\n\t<div class=\"form-group col-lg-6 col-md-6 col-sm-12\">\n\t\t<p><span class=\"wpcf7-form-control-wrap\" data-name=\"email-301\"><input size=\"40\" maxlength=\"400\" class=\"wpcf7-form-control wpcf7-email wpcf7-validates-as-required wpcf7-text wpcf7-validates-as-email\" aria-required=\"true\" aria-invalid=\"false\" placeholder=\"Email address\" value=\"\" type=\"email\" name=\"email-301\" \/><\/span>\n\t\t<\/p>\n\t<\/div>\n\t<div class=\"form-group col-lg-6 col-md-6 col-sm-12\">\n\t\t<p><span class=\"wpcf7-form-control-wrap\" data-name=\"text-149\"><input size=\"40\" maxlength=\"400\" class=\"wpcf7-form-control wpcf7-text wpcf7-validates-as-required\" aria-required=\"true\" aria-invalid=\"false\" placeholder=\"Services of interest\" value=\"\" type=\"text\" name=\"text-149\" \/><\/span>\n\t\t<\/p>\n\t<\/div>\n\t<div class=\"form-group col-lg-12 col-md-12 col-sm-12\">\n\t\t<p><span class=\"wpcf7-form-control-wrap\" data-name=\"textarea-505\"><textarea cols=\"40\" rows=\"10\" maxlength=\"2000\" class=\"wpcf7-form-control wpcf7-textarea\" aria-invalid=\"false\" placeholder=\"Your Message\" name=\"textarea-505\"><\/textarea><\/span>\n\t\t<\/p>\n\t<\/div>\n\t<div class=\"form-group\">\n\t\t<p><div class=\"cf7-cf-turnstile\" style=\"margin-top: 0px; margin-bottom: -15px;\"> <div id=\"cf-turnstile-cf7-3200758230\" class=\"cf-turnstile\" data-callback=\"turnstileCF7Callback\" data-sitekey=\"0x4AAAAAACXU2RM1NwQNAlvA\" data-theme=\"auto\" data-language=\"auto\" data-size=\"flexible\" data-retry=\"auto\" data-retry-interval=\"1000\" data-refresh-expired=\"auto\" data-action=\"contact-form-7\" data-appearance=\"always\"><\/div> <style>.wpcf7-submit { pointer-events: none; opacity: 0.5; }<\/style> <script>document.addEventListener(\"DOMContentLoaded\", function() { setTimeout(function(){ var e=document.getElementById(\"cf-turnstile-cf7-3200758230\"); e&&!e.innerHTML.trim()&&(turnstile.remove(\"#cf-turnstile-cf7-3200758230\"), turnstile.render(\"#cf-turnstile-cf7-3200758230\", {sitekey:\"0x4AAAAAACXU2RM1NwQNAlvA\"})); }, 100); });<\/script> <br class=\"cf-turnstile-br cf-turnstile-br-cf7-3200758230\"> <style>#cf-turnstile-cf7-3200758230 { margin-left: -15px; }<\/style> <script>document.addEventListener(\"DOMContentLoaded\",function(){document.querySelectorAll('.wpcf7-form').forEach(function(e){e.addEventListener('submit',function(){if(document.getElementById('cf-turnstile-cf7-3200758230')){setTimeout(function(){turnstile.reset('#cf-turnstile-cf7-3200758230');},1000)}})})});<\/script> <\/div><br \/>\n<button class=\"theme-btn btn-style-one\"><span class=\"btn-wrap\"><span class=\"text-one\">Submit Now <i class=\"fa-classic fa-solid fa-arrow-right\"><\/i><\/span><span class=\"text-two\">Submit Now <i class=\"fa-classic fa-solid fa-arrow-right\"><\/i><\/span><\/span><\/button>\n\t\t<\/p>\n\t<\/div>\n<\/div><div class=\"wpcf7-response-output\" aria-hidden=\"true\"><\/div>\n<input type=\"hidden\" name=\"trp-form-language\" value=\"en\"\/><\/form>\n<\/div>\n        <\/div>\n    <\/div>\n\t\t\t\t<\/div>\n\t\t\t\t<\/div>\n\t\t\t\t<\/div>\n\t\t\t\t\t<\/div>\n\t\t\t\t<\/div>\n\t\t<div class=\"elementor-element elementor-element-4f2a636 e-flex e-con-boxed e-con e-parent\" data-id=\"4f2a636\" data-element_type=\"container\" data-e-type=\"container\" data-settings=\"{&quot;background_background&quot;:&quot;classic&quot;}\">\n\t\t\t\t\t<div class=\"e-con-inner\">\n\t\t<div class=\"elementor-element elementor-element-cc8be0b e-con-full e-flex e-con e-child\" data-id=\"cc8be0b\" data-element_type=\"container\" data-e-type=\"container\">\n\t\t\t\t<div class=\"elementor-element elementor-element-4be4f09 elementor-widget elementor-widget-google_maps\" data-id=\"4be4f09\" data-element_type=\"widget\" data-e-type=\"widget\" data-widget_type=\"google_maps.default\">\n\t\t\t\t\t\t\t<div class=\"elementor-custom-embed\">\n\t\t\t<iframe loading=\"lazy\"\n\t\t\t\t\tsrc=\"https:\/\/maps.google.com\/maps?q=R%C3%A2mnicu%20V%C3%A2lcea%2C%20Romania&#038;t=m&#038;z=10&#038;output=embed&#038;iwloc=near\"\n\t\t\t\t\ttitle=\"R\u00e2mnicu V\u00e2lcea, Romania\"\n\t\t\t\t\taria-label=\"R\u00e2mnicu V\u00e2lcea, Romania\"\n\t\t\t><\/iframe>\n\t\t<\/div>\n\t\t\t\t\t\t<\/div>\n\t\t\t\t<\/div>\n\t\t\t\t\t<\/div>\n\t\t\t\t<\/div>\n\t\t\t\t<\/div>","protected":false},"excerpt":{"rendered":"<p>Contact Completa\u021bi formularul de mai jos si vom r\u0103spunde \u00een cel mai scurt timp posibil Adresa Uzinei nr. 1 R\u00e2mnicu Valcea 240401 Jud. V\u00e2lcea, Rom\u00e2nia Telefon +40 758710788 +40 758710785 +40 758710738 Email office@sistemplast.ro gabriel.bontea@sistemplast.ro comercial@sistemplast.ro Submit Now Submit Now<\/p>","protected":false},"author":1,"featured_media":0,"parent":0,"menu_order":0,"comment_status":"closed","ping_status":"closed","template":"elementor_header_footer","meta":{"footnotes":""},"class_list":["post-26329","page","type-page","status-publish","hentry"],"_links":{"self":[{"href":"https:\/\/sistemplast.ro\/en\/wp-json\/wp\/v2\/pages\/26329","targetHints":{"allow":["GET"]}}],"collection":[{"href":"https:\/\/sistemplast.ro\/en\/wp-json\/wp\/v2\/pages"}],"about":[{"href":"https:\/\/sistemplast.ro\/en\/wp-json\/wp\/v2\/types\/page"}],"author":[{"embeddable":true,"href":"https:\/\/sistemplast.ro\/en\/wp-json\/wp\/v2\/users\/1"}],"replies":[{"embeddable":true,"href":"https:\/\/sistemplast.ro\/en\/wp-json\/wp\/v2\/comments?post=26329"}],"version-history":[{"count":19,"href":"https:\/\/sistemplast.ro\/en\/wp-json\/wp\/v2\/pages\/26329\/revisions"}],"predecessor-version":[{"id":27936,"href":"https:\/\/sistemplast.ro\/en\/wp-json\/wp\/v2\/pages\/26329\/revisions\/27936"}],"wp:attachment":[{"href":"https:\/\/sistemplast.ro\/en\/wp-json\/wp\/v2\/media?parent=26329"}],"curies":[{"name":"wp","href":"https:\/\/api.w.org\/{rel}","templated":true}]}}